{"id":442,"date":"2024-11-04T08:49:32","date_gmt":"2024-11-04T08:49:32","guid":{"rendered":"http:\/\/republicanosdeportados.org\/?page_id=442"},"modified":"2024-11-04T08:49:32","modified_gmt":"2024-11-04T08:49:32","slug":"aviso-legal","status":"publish","type":"page","link":"https:\/\/republicanosdeportados.org\/ca\/aviso-legal\/","title":{"rendered":"Aviso legal"},"content":{"rendered":"<p class=\"p1\"><span class=\"s1\">El presente Aviso Legal regula el acceso por parte del USUARIO del Sitio Web a los contenidos proporcionados por UNIVERSAL SLEEVE, S.L.<span class=\"Apple-converted-space\">\u00a0\u00a0<\/span>(en adelante UNIVERSAL SLEEVE). La simple utilizaci\u00f3n de la informaci\u00f3n contenida en este Sitio Web implica la total aceptaci\u00f3n del Aviso Legal, por lo que aconsejamos que acceda peri\u00f3dicamente, debido a su constante actualizaci\u00f3n.<\/span><\/p>\n<p class=\"p1\"><span class=\"s2\">INFORMACI\u00d3N GENERAL<\/span><span class=\"s1\">:<\/span><\/p>\n<p class=\"p1\"><span class=\"s1\">En cumplimiento de lo dispuesto en el art\u00edculo 10 de la Ley 34\/2002, de 11 de Julio, de Servicios de la Sociedad de la Informaci\u00f3n y Comercio Electr\u00f3nico (en adelante LSSICE), ponemos en su conocimiento que el titular del dominio\u00a0<i>&lt;UNIVERSALSLEEVE.COM&gt;\u00a0<\/i>es UNIVERSAL SLEEVE, S.L. (CIF B64544166), con domicilio social en El Bonaire, Santa Eulalia de Ron\u00e7ana (Barcelona), Calle Carles Buigas. Pol\u00edgono Industrial Can Magre, Nave 122-C (08187).<\/span><\/p>\n<p class=\"p3\"><span class=\"s3\">Contacto:\u00a0<a href=\"mailto:info@universalsleeve.com\"><span class=\"s4\">info@universalsleeve.com<\/span><\/a><\/span><\/p>\n<p class=\"p1\"><span class=\"s2\">CONDICI\u00d3N DE USUARIO<\/span><span class=\"s1\">:<\/span><\/p>\n<p class=\"p1\"><span class=\"s1\">La navegaci\u00f3n, acceso y uso del sitio web\u00a0<i>&lt;UNIVERSALSLEEVE.COM&gt; confiere<\/i>\u00a0la condici\u00f3n de usuario, por la que se aceptan todas los t\u00e9rminos, condiciones y obligaciones de uso aqu\u00ed establecidas sin perjuicio de la aplicaci\u00f3n de la correspondiente normativa de obligado cumplimiento legal seg\u00fan el caso.<\/span><\/p>\n<p class=\"p1\"><span class=\"s1\">El sitio web\u00a0<i>&lt;UNIVERSALSLEEVE.COM&gt; proporciona<\/i>\u00a0gran diversidad de informaci\u00f3n, servicios y datos, por lo que el usuario asume su responsabilidad en el uso correcto del mismo. Esta responsabilidad se extender\u00e1 a:<\/span><\/p>\n<ul class=\"ul1\">\n<li class=\"li1\"><span class=\"s1\">La veracidad y licitud de las informaciones aportadas por el usuario en los formularios.<\/span><\/li>\n<li class=\"li1\"><span class=\"s1\">El uso de la informaci\u00f3n, servicios y datos ofrecidos contrariamente a lo dispuesto por las presentes condiciones, la Ley, la moral, las buenas costumbres o el orden p\u00fablico, o que de cualquier otro modo puedan suponer lesi\u00f3n de los derechos de terceros o del mismo funcionamiento del sitio web.<\/span><\/li>\n<\/ul>\n<p class=\"p1\"><span class=\"s2\">PROTECCI\u00d3N DE DATOS Y COOKIES<\/span><span class=\"s1\">:<\/span><\/p>\n<p class=\"p1\"><span class=\"s1\">La informaci\u00f3n referente a las pol\u00edticas de privacidad y cookies aplicadas en\u00a0<i>&lt;UNIVERSALSLEEVE.COM&gt;\u00a0<\/i>est\u00e1n disponibles en:<\/span><\/p>\n<p class=\"p1\"><span class=\"s1\">POL\u00cdTICA DE PRIVACIDAD:\u00a0<a href=\"https:\/\/www.universalsleeve.com\/web\/politica-de-privacidad\/\">https:\/\/www.universalsleeve.com\/web\/politica-de-privacidad\/<\/a><\/span><\/p>\n<p class=\"p3\"><span class=\"s3\">POL\u00cdTICA DE COOKIES:\u00a0<a href=\"https:\/\/www.universalsleeve.com\/web\/politica-de-cookies\/\">https:\/\/www.universalsleeve.com\/web\/politica-de-cookies\/<\/a><\/span><\/p>\n<p class=\"p1\"><span class=\"s2\">PROPIEDAD INTELECTUAL E INDUSTRIAL<\/span><span class=\"s1\">:<\/span><\/p>\n<p class=\"p1\"><span class=\"s1\">Los contenidos de\u00a0<i>&lt;UNIVERSALSLEEVE.COM&gt;,<\/i>\u00a0tanto texto, im\u00e1genes, dise\u00f1o gr\u00e1fico, c\u00f3digo fuente, logos, marcas, etc., son titularidad exclusiva de UNIVERSAL SLEEVE y est\u00e1n amparados por la normativa reguladora de la Propiedad Intelectual e Industrial, quedando por tanto prohibida la reproducci\u00f3n, modificaci\u00f3n, distribuci\u00f3n o manipulaci\u00f3n de los mismos.<\/span><\/p>\n<p class=\"p1\"><span class=\"s1\">UNIVERSAL SLEEVE es titular exclusivo de todos los derechos de propiedad intelectual, industrial y an\u00e1logos que componen Sitio Web\u00a0<i>&lt;UNIVERSALSLEEVE.COM&gt;.\u00a0<\/i>Asimismo, quedan reservados en favor de UNIVERSAL SLEEVE, todos los derechos sobre cualesquiera contenidos, servicios o elementos de su propiedad que se incorporaran en\u00a0<i>&lt;UNIVERSALSLEEVE.COM&gt;<\/i>, incluyendo, a t\u00edtulo meramente enunciativo y no limitativo, aquellos elementos que conforman la apariencia visual, imagen gr\u00e1fica y otros est\u00edmulos sensoriales de las p\u00e1ginas web que conforman el Sitio Web; entre otros, la arquitectura de navegaci\u00f3n; los c\u00f3digos fuente; im\u00e1genes, grabaciones, programas de ordenador, base de datos, tecnolog\u00eda, logotipos y signos distintivos.<\/span><\/p>\n<p class=\"p1\"><span class=\"s1\">Usted se compromete a no retirar, suprimir, alterar, manipular ni en modo alguno modificar aquellas notas, leyendas, indicaciones o s\u00edmbolos que bien UNIVERSAL SLEEVE o bien los leg\u00edtimos titulares de los derechos incorporen a sus propiedades en materia de propiedad intelectual o industrial (como por ejemplo, copyright, \u00a9, \u00ae y \u2122, etc.), los dispositivos t\u00e9cnicos de protecci\u00f3n o identificaci\u00f3n que puedan contener los contenidos (como por ejemplo, marcas de agua, huellas digitales, etc.) y\/o el acceso, visualizaci\u00f3n y, en su caso, descarga de los contenidos y\/o servicios se realizar\u00e1 siempre y en todo caso con fines estrictamente personales y no comerciales.<\/span><\/p>\n<p class=\"p1\"><span class=\"s1\">UNIVERSAL SLEEVE se reserva todos los derechos relacionados con la propiedad intelectual e industrial sobre los elementos de su Sitio Web\u00a0<i>&lt;UNIVERSALSLEEVE.COM&gt;,<\/i>\u00a0y no le concede ninguna otra licencia o autorizaci\u00f3n de uso sobre su Propiedad distinta de la que expresamente se detalla en la presente cl\u00e1usula.<\/span><\/p>\n<p class=\"p1\"><span class=\"s2\">RESERVA DE DERECHOS<\/span><span class=\"s1\">:<\/span><\/p>\n<p class=\"p1\"><span class=\"s1\">UNIVERSAL SLEEVE se reserva el derecho de actualizar, modificar o eliminar informaci\u00f3n contenida en\u00a0<i>&lt;UNIVERSALSLEEVE.COM&gt;<\/i>, as\u00ed como su configuraci\u00f3n, prestaciones o condiciones generales, en cualquier momento y sin necesidad de previo aviso.<\/span><\/p>\n<p class=\"p1\"><span class=\"s1\">UNIVERSAL SLEEVE no garantiza la inexistencia de interrupciones o errores en el acceso y\/o uso de\u00a0<i>&lt;UNIVERSALSLEEVE.COM&gt;<\/i>, ni asumir\u00e1 responsabilidad alguna por problemas t\u00e9cnicos o fallos que se produzcan durante la conexi\u00f3n a Internet. Tampoco garantiza la ausencia de virus ni de otros elementos que puedan producir alteraciones en su sistema inform\u00e1tico (software y hardware) o en los documentos electr\u00f3nicos y ficheros almacenados en su sistema inform\u00e1tico, por lo que excluye cualquier responsabilidad por los da\u00f1os y perjuicios que puedan producirse en el sistema inform\u00e1tico, documentos electr\u00f3nicos o ficheros de los usuarios.<\/span><\/p>\n<p class=\"p1\"><span class=\"s2\">LIMITACI\u00d3N DE RESPONSABILIDADES.<\/span><\/p>\n<p class=\"p1\"><span class=\"s2\"><i>Sobre la informaci\u00f3n<\/i><\/span><span class=\"s1\">: UNIVERSAL SLEEVE no se hace responsable de la veracidad, exactitud, adecuaci\u00f3n, idoneidad, y actualizaci\u00f3n de la informaci\u00f3n suministrada a trav\u00e9s del Sitio Web\u00a0<i>&lt;UNIVERSALSLEEVE.COM&gt;.\u00a0<\/i>Los contenidos son de car\u00e1cter informativo, por lo que UNIVERSAL SLEEVE no se responsabiliza de sus decisiones tomadas a partir de los mismos, ni de los da\u00f1os y perjuicios que se le produzcan a usted o a terceros con base en la informaci\u00f3n obtenida en este Sitio Web.<\/span><\/p>\n<p class=\"p1\"><span class=\"s2\"><i>De la calidad del servicio<\/i><\/span><span class=\"s1\"><i>:<\/i>\u00a0Usted admite conocer y ser consciente de la existencia en la red de virus, gusanos y otros elementos maliciosos. A usted le corresponde la disponibilidad de herramientas adecuadas para la detecci\u00f3n y desinfecci\u00f3n de estos programas inform\u00e1ticos da\u00f1inos, sin que UNIVERSAL SLEEVE sea responsable de los da\u00f1os producidos en sus equipos inform\u00e1ticos o de terceros durante su acceso a\u00a0<i>&lt;UNIVERSALSLEEVE.COM&gt;<\/i>.<\/span><\/p>\n<p class=\"p1\"><span class=\"s2\"><i>De la disponibilidad del servicio<\/i><\/span><span class=\"s1\"><i>:<\/i>\u00a0El acceso a\u00a0<i>&lt;UNIVERSALSLEEVE.COM&gt; requiere<\/i>\u00a0de servicios y suministros por parte de otros prestadores de servicios de la sociedad de la informaci\u00f3n, cuya fiabilidad, calidad, continuidad y funcionamiento escapa al control de UNIVERSAL SLEEVE. Por consiguiente, los servicios prove\u00eddos pueden ser suspendidos, cancelados o resultar inaccesibles en cualquier momento. UNIVERSAL SLEEVE no se responsabiliza de los da\u00f1os o perjuicios de cualquier tipo producidos que traigan causa de fallos o desconexiones en las redes de telecomunicaciones que produzcan la suspensi\u00f3n, cancelaci\u00f3n o interrupci\u00f3n del servicio del Portal durante la prestaci\u00f3n del mismo o con car\u00e1cter previo.<\/span><\/p>\n<p class=\"p1\"><span class=\"s2\"><i>De los contenidos accedidos en o a trav\u00e9s del portal<\/i><\/span><span class=\"s1\"><i>:<\/i>\u00a0El presente Sitio Web permite el acceso a enlaces y otros sitios web (en adelante, \u201cSitios Enlazados\u201d). En estos casos, UNIVERSAL SLEEVE act\u00faa como prestador de servicios de intermediaci\u00f3n de conformidad con lo que dispone la LSSICE, por lo que s\u00f3lo ser\u00e1 responsable de los contenidos y servicios suministrados en los Sitios Enlazados en la medida en que tenga conocimiento efectivo de la ilicitud y no haya actuado con la diligencia debida para retirar dichos contenidos. Si considera que uno de los Sitios Enlazados incluye contenidos il\u00edcitos o inadecuados podr\u00e1 comunic\u00e1rselo a UNIVERSAL SLEEVE, quien actuar\u00e1 con toda diligencia para retirar los enlaces que sea conveniente. UNIVERSAL SLEEVE, tampoco se hace responsable de los contenidos y servicios ofrecidos en los Sitios Enlazados, por lo que no responde de los da\u00f1os producidos por su ilicitud, calidad, desactualizaci\u00f3n, indisponibilidad, error o inutilidad.<\/span><\/p>\n<p class=\"p1\"><span class=\"s2\">LICENCIA DE ENLACES<\/span><span class=\"s1\">:<\/span><\/p>\n<p class=\"p1\"><span class=\"s1\">Todo enlace de terceros a\u00a0<i>&lt;UNIVERSALSLEEVE.COM&gt;\u00a0<\/i>deber\u00e1 serlo a su p\u00e1gina principal. Usted y, en general, aquellas personas que se propongan establecer un enlace deber\u00e1n cumplir las condiciones siguientes que a continuaci\u00f3n se detallan. Cualquier otra pretensi\u00f3n de enlace distinta de la estipulada en la presente cl\u00e1usula requerir\u00e1 la previa aceptaci\u00f3n por escrito de UNIVERSAL SLEEVE.<\/span><\/p>\n<p class=\"p1\"><span class=\"s1\">Usted no podr\u00e1 reproducir, ni imitar, total o parcialmente, el contenido de\u00a0<i>&lt;UNIVERSALSLEEVE.COM&gt;<\/i>, ni la apariencia gr\u00e1fica del mismo, (\u201clook and feel\u201d), ni realizar\u00e1 marcos (\u201cframes\u201d) ni enlaces ensamblados (\u201clink inline\u201d) de las p\u00e1ginas de UNIVERSAL SLEEVE. No se crear\u00e1 un browser, marco, ni un entorno o barra de navegaci\u00f3n sobre la Sitio Web\u00a0<i>&lt;UNIVERSALSLEEVE.COM&gt;.<\/i><\/span><\/p>\n<p class=\"p1\"><span class=\"s1\">No se realizar\u00e1n manifestaciones o indicaciones falsas, inexactas, incorrectas o denigratorias sobre el Sitio Web\u00a0<i>&lt;UNIVERSALSLEEVE.COM&gt; o<\/i>\u00a0cualquiera de las propiedades de UNIVERSAL SLEEVE y, en particular, no se declarar\u00e1 ni dar\u00e1 a entender que UNIVERSAL SLEEVE colabora o es un socio colaborador y\/o que en cualquier forma ha supervisado o asumido de cualquier forma los contenidos o servicios ofrecidos o puestos a disposici\u00f3n de la Sitio Web en la que se establece el enlace.<\/span><\/p>\n<p class=\"p1\"><span class=\"s1\">El Sitio Web en que se establezca el enlace no contendr\u00e1 ninguna marca, nombre comercial, r\u00f3tulo de establecimiento, denominaci\u00f3n, logotipo, eslogan u otros signos distintivos pertenecientes UNIVERSAL SLEEVE, excepci\u00f3n hecha de aquellos signos que formen parte del mismo enlace o aquellas otras propiedades que hayan sido licenciadas con anterioridad por escrito por UNIVERSAL SLEEVE. Asimismo, el Sitio Web en el que se establezca el enlace no contendr\u00e1 informaciones o contenidos il\u00edcitos, contrarios a la moral, a las buenas costumbres generalmente aceptadas y al orden p\u00fablico.<\/span><\/p>\n<p class=\"p1\"><span class=\"s1\">UNIVERSAL SLEEVE se reserva el derecho de emprender las acciones legales que correspondan contra quien incumpla las prohibiciones incluidas en este Aviso Legal.<\/span><\/p>\n<p class=\"p1\"><span class=\"s2\">PROHIBICIONES<\/span><span class=\"s1\">:<\/span><\/p>\n<p class=\"p1\"><span class=\"s1\">Queda expresamente prohibido:<\/span><\/p>\n<ul class=\"ul1\">\n<li class=\"li1\"><span class=\"s1\">Utilizar cualquiera de los contenidos y servicios con fines o efectos il\u00edcitos, prohibidos en el presente Aviso Legal, lesivos de los derechos e intereses de terceros, o que de cualquier forma puedan da\u00f1ar, inutilizar, sobrecargar, deteriorar o impedir la normal utilizaci\u00f3n de los servicios, los equipos inform\u00e1ticos o los documentos, archivos y toda clase de contenidos almacenados en cualquier equipo inform\u00e1tico de UNIVERSAL SLEEVE.<\/span><\/li>\n<li class=\"li1\"><span class=\"s1\">Utilizar contenidos y servicios que se encuentren protegidos por cualquier derecho de propiedad intelectual o industrial pertenecientes a la entidad o a terceros, sin que usted haya obtenido previamente de sus titulares la autorizaci\u00f3n necesaria para llevar a cabo el uso que efect\u00faa o pretende efectuar.<\/span><\/li>\n<li class=\"li1\"><span class=\"s1\">Reproducir, copiar, distribuir, comunicar, transformar o modificar los contenidos, a menos que se cuente con la autorizaci\u00f3n del titular de los correspondientes derechos o ello resulte legalmente permitido.<\/span><\/li>\n<li class=\"li1\"><span class=\"s1\">Incorporar virus u otros elementos f\u00edsicos o electr\u00f3nicos que puedan da\u00f1ar o impedir el normal funcionamiento de la red, del sistema o de equipos inform\u00e1ticos (hardware y software) de UNIVERSAL SLEEVE o de terceros o que puedan da\u00f1ar los documentos electr\u00f3nicos y archivos almacenados en dichos equipos inform\u00e1ticos.<\/span><\/li>\n<li class=\"li1\"><span class=\"s1\">La obtenci\u00f3n o incluso el intento de obtenci\u00f3n de los contenidos empleando para ello medios o procedimientos distintos de los que, seg\u00fan los casos, se hayan puesto a su disposici\u00f3n a este efecto en general, de los que se empleen habitualmente en Internet a este efecto siempre que no entra\u00f1en un riesgo de da\u00f1o o inutilizaci\u00f3n de la Web, de los Servicios y\/o de los Contenidos.<\/span><\/li>\n<\/ul>\n<p class=\"p1\"><span class=\"s2\">LEGISLACI\u00d3N<\/span><span class=\"s1\">:<\/span><\/p>\n<p class=\"p1\"><span class=\"s1\">El presente Aviso Legal se rige en todos y cada uno de sus extremos por la ley espa\u00f1ola. Para toda cuesti\u00f3n litigiosa relacionada con este Sitio Web ser\u00e1 de aplicaci\u00f3n la legislaci\u00f3n espa\u00f1ola, siendo competentes para ello los Juzgados y Tribunales de la ciudad de Barcelona (Espa\u00f1a).<\/span><\/p>\n","protected":false},"excerpt":{"rendered":"<p>El presente Aviso Legal regula el acceso por parte del USUARIO del Sitio Web a los contenidos proporcionados por UNIVERSAL SLEEVE, S.L.\u00a0\u00a0(en adelante UNIVERSAL SLEEVE). La simple utilizaci\u00f3n de la informaci\u00f3n contenida en este Sitio Web implica la total aceptaci\u00f3n del Aviso Legal, por lo que aconsejamos que acceda peri\u00f3dicamente, debido a su constante actualizaci\u00f3n. [&hellip;]<\/p>\n","protected":false},"author":1,"featured_media":0,"parent":0,"menu_order":0,"comment_status":"closed","ping_status":"closed","template":"","meta":{"_acf_changed":false,"footnotes":""},"class_list":["post-442","page","type-page","status-publish","hentry"],"acf":[],"yoast_head":"<!-- This site is optimized with the Yoast SEO plugin v26.2 - https:\/\/yoast.com\/wordpress\/plugins\/seo\/ -->\n<title>Aviso legal - Republicanos Deportados<\/title>\n<meta name=\"robots\" content=\"index, follow, max-snippet:-1, max-image-preview:large, max-video-preview:-1\" \/>\n<link rel=\"canonical\" href=\"https:\/\/republicanosdeportados.org\/ca\/aviso-legal\/\" \/>\n<meta property=\"og:locale\" content=\"en_US\" \/>\n<meta property=\"og:type\" content=\"article\" \/>\n<meta property=\"og:title\" content=\"Aviso legal - Republicanos Deportados\" \/>\n<meta property=\"og:description\" content=\"El presente Aviso Legal regula el acceso por parte del USUARIO del Sitio Web a los contenidos proporcionados por UNIVERSAL SLEEVE, S.L.\u00a0\u00a0(en adelante UNIVERSAL SLEEVE). La simple utilizaci\u00f3n de la informaci\u00f3n contenida en este Sitio Web implica la total aceptaci\u00f3n del Aviso Legal, por lo que aconsejamos que acceda peri\u00f3dicamente, debido a su constante actualizaci\u00f3n. [&hellip;]\" \/>\n<meta property=\"og:url\" content=\"https:\/\/republicanosdeportados.org\/ca\/aviso-legal\/\" \/>\n<meta property=\"og:site_name\" content=\"Republicanos Deportados\" \/>\n<meta name=\"twitter:card\" content=\"summary_large_image\" \/>\n<meta name=\"twitter:label1\" content=\"Est. reading time\" \/>\n\t<meta name=\"twitter:data1\" content=\"8 minutes\" \/>\n<script type=\"application\/ld+json\" class=\"yoast-schema-graph\">{\"@context\":\"https:\/\/schema.org\",\"@graph\":[{\"@type\":\"WebPage\",\"@id\":\"https:\/\/republicanosdeportados.org\/ca\/aviso-legal\/\",\"url\":\"https:\/\/republicanosdeportados.org\/ca\/aviso-legal\/\",\"name\":\"Aviso legal - Republicanos Deportados\",\"isPartOf\":{\"@id\":\"https:\/\/republicanosdeportados.org\/#website\"},\"datePublished\":\"2024-11-04T08:49:32+00:00\",\"breadcrumb\":{\"@id\":\"https:\/\/republicanosdeportados.org\/ca\/aviso-legal\/#breadcrumb\"},\"inLanguage\":\"Ca\",\"potentialAction\":[{\"@type\":\"ReadAction\",\"target\":[\"https:\/\/republicanosdeportados.org\/ca\/aviso-legal\/\"]}]},{\"@type\":\"BreadcrumbList\",\"@id\":\"https:\/\/republicanosdeportados.org\/ca\/aviso-legal\/#breadcrumb\",\"itemListElement\":[{\"@type\":\"ListItem\",\"position\":1,\"name\":\"Portada\",\"item\":\"https:\/\/republicanosdeportados.org\/ca\/\"},{\"@type\":\"ListItem\",\"position\":2,\"name\":\"Aviso legal\"}]},{\"@type\":\"WebSite\",\"@id\":\"https:\/\/republicanosdeportados.org\/#website\",\"url\":\"https:\/\/republicanosdeportados.org\/\",\"name\":\"Republicanos Deportados\",\"description\":\"Amical Mauthausen\",\"potentialAction\":[{\"@type\":\"SearchAction\",\"target\":{\"@type\":\"EntryPoint\",\"urlTemplate\":\"https:\/\/republicanosdeportados.org\/?s={search_term_string}\"},\"query-input\":{\"@type\":\"PropertyValueSpecification\",\"valueRequired\":true,\"valueName\":\"search_term_string\"}}],\"inLanguage\":\"Ca\"}]}<\/script>\n<!-- \/ Yoast SEO plugin. -->","yoast_head_json":{"title":"Aviso legal - Republicanos Deportados","robots":{"index":"index","follow":"follow","max-snippet":"max-snippet:-1","max-image-preview":"max-image-preview:large","max-video-preview":"max-video-preview:-1"},"canonical":"https:\/\/republicanosdeportados.org\/ca\/aviso-legal\/","og_locale":"en_US","og_type":"article","og_title":"Aviso legal - Republicanos Deportados","og_description":"El presente Aviso Legal regula el acceso por parte del USUARIO del Sitio Web a los contenidos proporcionados por UNIVERSAL SLEEVE, S.L.\u00a0\u00a0(en adelante UNIVERSAL SLEEVE). La simple utilizaci\u00f3n de la informaci\u00f3n contenida en este Sitio Web implica la total aceptaci\u00f3n del Aviso Legal, por lo que aconsejamos que acceda peri\u00f3dicamente, debido a su constante actualizaci\u00f3n. [&hellip;]","og_url":"https:\/\/republicanosdeportados.org\/ca\/aviso-legal\/","og_site_name":"Republicanos Deportados","twitter_card":"summary_large_image","twitter_misc":{"Est. reading time":"8 minutes"},"schema":{"@context":"https:\/\/schema.org","@graph":[{"@type":"WebPage","@id":"https:\/\/republicanosdeportados.org\/ca\/aviso-legal\/","url":"https:\/\/republicanosdeportados.org\/ca\/aviso-legal\/","name":"Aviso legal - Republicanos Deportados","isPartOf":{"@id":"https:\/\/republicanosdeportados.org\/#website"},"datePublished":"2024-11-04T08:49:32+00:00","breadcrumb":{"@id":"https:\/\/republicanosdeportados.org\/ca\/aviso-legal\/#breadcrumb"},"inLanguage":"Ca","potentialAction":[{"@type":"ReadAction","target":["https:\/\/republicanosdeportados.org\/ca\/aviso-legal\/"]}]},{"@type":"BreadcrumbList","@id":"https:\/\/republicanosdeportados.org\/ca\/aviso-legal\/#breadcrumb","itemListElement":[{"@type":"ListItem","position":1,"name":"Portada","item":"https:\/\/republicanosdeportados.org\/ca\/"},{"@type":"ListItem","position":2,"name":"Aviso legal"}]},{"@type":"WebSite","@id":"https:\/\/republicanosdeportados.org\/#website","url":"https:\/\/republicanosdeportados.org\/","name":"Republicanos Deportados","description":"Amical Mauthausen","potentialAction":[{"@type":"SearchAction","target":{"@type":"EntryPoint","urlTemplate":"https:\/\/republicanosdeportados.org\/?s={search_term_string}"},"query-input":{"@type":"PropertyValueSpecification","valueRequired":true,"valueName":"search_term_string"}}],"inLanguage":"Ca"}]}},"_links":{"self":[{"href":"https:\/\/republicanosdeportados.org\/ca\/wp-json\/wp\/v2\/pages\/442","targetHints":{"allow":["GET"]}}],"collection":[{"href":"https:\/\/republicanosdeportados.org\/ca\/wp-json\/wp\/v2\/pages"}],"about":[{"href":"https:\/\/republicanosdeportados.org\/ca\/wp-json\/wp\/v2\/types\/page"}],"author":[{"embeddable":true,"href":"https:\/\/republicanosdeportados.org\/ca\/wp-json\/wp\/v2\/users\/1"}],"replies":[{"embeddable":true,"href":"https:\/\/republicanosdeportados.org\/ca\/wp-json\/wp\/v2\/comments?post=442"}],"version-history":[{"count":1,"href":"https:\/\/republicanosdeportados.org\/ca\/wp-json\/wp\/v2\/pages\/442\/revisions"}],"predecessor-version":[{"id":443,"href":"https:\/\/republicanosdeportados.org\/ca\/wp-json\/wp\/v2\/pages\/442\/revisions\/443"}],"wp:attachment":[{"href":"https:\/\/republicanosdeportados.org\/ca\/wp-json\/wp\/v2\/media?parent=442"}],"curies":[{"name":"wp","href":"https:\/\/api.w.org\/{rel}","templated":true}]}}