{"id":440,"date":"2024-11-04T08:48:42","date_gmt":"2024-11-04T08:48:42","guid":{"rendered":"http:\/\/republicanosdeportados.org\/?page_id=440"},"modified":"2024-11-04T08:48:42","modified_gmt":"2024-11-04T08:48:42","slug":"politica-de-privacidad","status":"publish","type":"page","link":"https:\/\/republicanosdeportados.org\/ca\/politica-de-privacidad\/","title":{"rendered":"Pol\u00edtica de privacidad"},"content":{"rendered":"<p class=\"p1\"><span class=\"s1\"><b>RESPONSABLE:<\/b><\/span><span class=\"s2\">\u00a0UNIVERSAL SLEEVE, S.L.<\/span><\/p>\n<p class=\"p1\"><span class=\"s1\"><b>FINALIDAD:<\/b><\/span><span class=\"s2\">\u00a0GESTI\u00d3N DE CLIENTES Y CONTACTOS; GESTI\u00d3N DE LOS CLIENTES POTENCIALES Y CONTACTOS DE LA EMPRESA; GESTI\u00d3N DE CONSULTA Y REQUERIMIENTOS WEB; ENV\u00cdO DE COMUNICACIONES COMERCIALES Y PROMOCIONALES; INFORMAR ACERCA DE LOS SERVICIOS QUE PRESTA LA EMPRESA; MANTENIMIENTO DE LISTAS DE SUPRESI\u00d3N ACTUALIZADAS PARA EVITAR SER CONTACTADO SI USTED LO SOLICITA; PERMITIR EL FUNCIONAMIENTO DE NUESTRO SITIO WEB\/APLICACIONES A TRAV\u00c9S DE COOKIES T\u00c9CNICAS Y FUNCIONALES; REALIZACI\u00d3N DE ESTAD\u00cdSTICAS.<\/span><\/p>\n<p class=\"p1\"><span class=\"s1\"><b>LEGITIMACI\u00d3N:<\/b><\/span><span class=\"s2\">\u00a0CONSENTIMIENTO EXPRESO, CUMPLIMIENTO DE UNA RELACI\u00d3N CONTRACTUAL E INTER\u00c9S LEG\u00cdTIMO.<\/span><\/p>\n<p class=\"p1\"><span class=\"s1\"><b>DESTINATARIOS:<\/b><\/span><span class=\"s2\">\u00a0NO SE CEDER\u00c1N DATOS A TERCEROS, SALVO OBLIGACI\u00d3N LEGAL<\/span><\/p>\n<p class=\"p1\"><span class=\"s1\"><b>EJERCICIO DE DERECHOS:<\/b><\/span>\u00a0<span class=\"s2\">EJERCICIO DE LOS DERECHOS DE LIMITACI\u00d3N DEL TRATAMIENTO, PORTABILIDAD DE LOS DATOS, ACCESO, RECTIFICACI\u00d3N, SUPRESI\u00d3N Y OPOSICI\u00d3N A:\u00a0<a href=\"mailto:INFO@UNIVERSALSLEEVE.COM\"><span class=\"s4\">INFO@UNIVERSALSLEEVE.COM<\/span><\/a><\/span><\/p>\n<p class=\"p1\"><span class=\"s1\"><b>INFORMACI\u00d3N ADICIONAL:<\/b><\/span><span class=\"s2\">\u00a0PUEDE CONSULTAR LA INFORMACI\u00d3N ADICIONAL Y DETALLADA SOBRE NUESTRA POL\u00cdTICA DE PROTECCI\u00d3N DE DATOS EN LAS CL\u00c1USULAS QUE SE PRESENTAN A CONTINUACI\u00d3N.<\/span><\/p>\n<p class=\"p1\"><span class=\"s2\">En cumplimiento de lo dispuesto en REGLAMENTO (UE) 2016\/679 DEL PARLAMENTO EUROPEO Y DEL CONSEJO de 27 de abril de 2016 (en adelante, \u201cRGPD\u201d) relativo a la protecci\u00f3n de las personas f\u00edsicas en lo que respecta al tratamiento de datos personales y a la libre circulaci\u00f3n de estos datos, UNIVERSAL SLEEVE, S.L.<span class=\"Apple-converted-space\">\u00a0\u00a0<\/span>(en adelante UNIVERSAL SLEEVE) le informa como RESPONSABLE DEL TRATAMIENTO de que todos los datos de car\u00e1cter personal que nos proporcione a trav\u00e9s de &lt;UNIVERSALSLEEVE.COM&gt; ser\u00e1n incorporados a un fichero de datos mantenido bajo estrictas medidas de seguridad y confidencialidad, y se mantendr\u00e1n almacenados mientras gestionamos sus peticiones o consultas, mientras exista una relaci\u00f3n de servicios vigente o hasta que usted nos indique lo contrario.<\/span><\/p>\n<p class=\"p1\"><span class=\"s2\">Las finalidades de las operaciones de procesamiento de datos que lleva acabo UNIVERSAL SLEEVE como responsable de tratamiento son exclusivamente gesti\u00f3n de clientes y contactos; gesti\u00f3n de los clientes potenciales y contactos de la empresa; gesti\u00f3n de consulta y requerimientos web; env\u00edo de comunicaciones comerciales y promocionales; informar acerca de los servicios que presta la empresa; mantenimiento de listas de supresi\u00f3n actualizadas para evitar ser contactado si usted lo solicita; permitir el funcionamiento de nuestro sitio web\/aplicaciones a trav\u00e9s de cookies t\u00e9cnicas y funcionales; realizaci\u00f3n de estad\u00edsticas.<\/span><\/p>\n<p class=\"p1\"><span class=\"s2\">Las categor\u00edas de datos tratados por UNIVERSAL SLEEVE corresponden a<\/span><\/p>\n<ul class=\"ul1\">\n<li class=\"li1\"><span class=\"s2\">Datos identificativos,<\/span><\/li>\n<li class=\"li1\"><span class=\"s2\">Direcciones postales o electr\u00f3nicas<\/span><\/li>\n<li class=\"li1\"><span class=\"s2\">Informaci\u00f3n comercial y econ\u00f3mica,<\/span><\/li>\n<li class=\"li1\"><span class=\"s2\">Caracter\u00edsticas personales.<\/span><\/li>\n<\/ul>\n<p class=\"p1\"><span class=\"s2\">Mientras no se nos comunique lo contrario, entenderemos que los datos facilitados no han sido modificados, que usted se compromete a notificarnos cualquier variaci\u00f3n y que tenemos su consentimiento para utilizarlos para las finalidades mencionadas.<\/span><\/p>\n<p class=\"p1\"><span class=\"s2\">La base legal para los distintos tratamientos en funci\u00f3n de las distintas finalidades perseguidas es de:<\/span><\/p>\n<ul class=\"ul1\">\n<li class=\"li1\"><span class=\"s2\">GESTI\u00d3N DE CLIENTES Y CONTACTOS:\u00a0<i>CUMPLIMIENTO DE UNA RELACI\u00d3N CONTRACTUAL.<\/i><\/span><\/li>\n<li class=\"li1\"><span class=\"s2\">GESTI\u00d3N DE LOS CLIENTES POTENCIALES Y CONTACTOS DE LA EMPRESA:\u00a0<i>CUMPLIMIENTO DE UNA RELACI\u00d3N CONTRACTUAL E INTER\u00c9S LEG\u00cdTIMO.<\/i><\/span><\/li>\n<li class=\"li1\"><span class=\"s2\">GESTI\u00d3N DE CONSULTA Y REQUERIMIENTOS WEB:\u00a0<i>CUMPLIMIENTO DE UNA RELACI\u00d3N CONTRACTUAL E INTER\u00c9S LEG\u00cdTIMO.<\/i><\/span><\/li>\n<li class=\"li1\"><span class=\"s2\">ENV\u00cdO DE COMUNICACIONES COMERCIALES Y PROMOCIONALES:\u00a0<i>CONSENTIMIENTO EXPRESO.<\/i><\/span><\/li>\n<li class=\"li1\"><span class=\"s2\">INFORMAR ACERCA DE LOS SERVICIOS QUE PRESTA LA EMPRESA:\u00a0<i>INTER\u00c9S LEG\u00cdTIMO.<\/i><\/span><\/li>\n<li class=\"li1\"><span class=\"s2\">MANTENIMIENTO DE LISTAS DE SUPRESI\u00d3N ACTUALIZADAS PARA EVITAR SER CONTACTADO SI USTED LO SOLICITA:\u00a0<i>OBLIGACI\u00d3N LEGAL.<\/i><\/span><\/li>\n<li class=\"li1\"><span class=\"s2\">PERMITIR EL FUNCIONAMIENTO DE NUESTRO SITIO WEB\/APLICACIONES A TRAV\u00c9S DE COOKIES T\u00c9CNICAS Y FUNCIONALES:\u00a0<i>INTER\u00c9S LEG\u00cdTIMO.<\/i><\/span><\/li>\n<li class=\"li1\"><span class=\"s2\">REALIZACI\u00d3N DE ESTAD\u00cdSTICAS:\u00a0<i>INTER\u00c9S LEG\u00cdTIMO.<\/i><\/span><\/li>\n<\/ul>\n<p class=\"p1\"><span class=\"s2\">Le informamos que el uso de los formularios disponibles en\u00a0<i>&lt;UNIVERSALSLEEVE.COM&gt;\u00a0<\/i>est\u00e1 limitado a usuarios mayores de edad, por lo que al utilizar cualquiera de ellos, usted garantiza que cumple con este requisito y acepta las consecuencias que se deriven en caso de no ser as\u00ed. Los formularios puestos a su disposici\u00f3n pueden rellenarse en el idioma que usted desee, sin embargo, UNIVERSAL SLEEVE no se hace responsable de los errores o de la imposibilidad de atender su solicitud debido al uso de un idioma inadecuado. La cumplimentaci\u00f3n de los formularios, as\u00ed como de cualquier otro cuestionario que pueda facilitarse en un futuro, es totalmente potestativa, no obstante, la negativa a facilitar determinados datos, podr\u00e1 suponer la imposibilidad de cumplir con su petici\u00f3n.<\/span><\/p>\n<p class=\"p1\"><span class=\"s2\">UNIVERSAL SLEEVE ha adoptado los niveles de seguridad de protecci\u00f3n de los datos personales legalmente requeridos, y procura instalar aquellos medios o medidas t\u00e9cnicas adicionales a su alcance para evitar la p\u00e9rdida, mal uso, alteraci\u00f3n, acceso no autorizado y robo de los datos personales facilitados, y por eso le garantizamos la mayor confidencialidad en su tratamiento, confirmando que no se realizar\u00e1 ninguna cesi\u00f3n de los mismos a terceros.<\/span><\/p>\n<p class=\"p1\"><span class=\"s2\">Al entregar voluntariamente sus datos CONSIENTE EXPRESAMENTE su tratamiento automatizado o no por parte de UNIVERSAL SLEEVE, as\u00ed como su comunicaci\u00f3n a entidades cuya conexi\u00f3n con sus datos sea necesaria o legalmente obligatoria, y en el caso de comunicaciones comerciales v\u00eda correo electr\u00f3nico o medio equivalente, CONSIENTE EXPRESAMENTE su recepci\u00f3n.<\/span><\/p>\n<p class=\"p1\"><span class=\"s2\">El consentimiento otorgado podr\u00e1 ser revocado en cualquier momento mediante el ejercicio de los derechos de limitaci\u00f3n del tratamiento, portabilidad de los datos, acceso, rectificaci\u00f3n, supresi\u00f3n y oposici\u00f3n, que UNIVERSAL SLEEVE le garantiza, dirigi\u00e9ndose por escrito a\u00a0<a href=\"mailto:info@universalsleeve.com\"><span class=\"s4\">INFO@UNIVERSALSLEEVE.COM<\/span><\/a><\/span><\/p>\n<p class=\"p1\"><span class=\"s2\">Asimismo, le informamos que UNIVERSAL SLEEVE ha asignado de forma voluntaria un DPO (Delegado de Protecci\u00f3n de Datos) para dirimir cualquier duda, queja o sugerencia sobre el tratamiento y registro de las operaciones de procesamiento puede ponerse en contacto con el DPO asignado a la siguiente direcci\u00f3n:\u00a0<a href=\"mailto:dpo@bellavistalegal.eu\"><span class=\"s4\">dpo@bellavistalegal.eu<\/span><\/a><\/span><\/p>\n","protected":false},"excerpt":{"rendered":"<p>RESPONSABLE:\u00a0UNIVERSAL SLEEVE, S.L. FINALIDAD:\u00a0GESTI\u00d3N DE CLIENTES Y CONTACTOS; GESTI\u00d3N DE LOS CLIENTES POTENCIALES Y CONTACTOS DE LA EMPRESA; GESTI\u00d3N DE CONSULTA Y REQUERIMIENTOS WEB; ENV\u00cdO DE COMUNICACIONES COMERCIALES Y PROMOCIONALES; INFORMAR ACERCA DE LOS SERVICIOS QUE PRESTA LA EMPRESA; MANTENIMIENTO DE LISTAS DE SUPRESI\u00d3N ACTUALIZADAS PARA EVITAR SER CONTACTADO SI USTED LO SOLICITA; PERMITIR EL [&hellip;]<\/p>\n","protected":false},"author":1,"featured_media":0,"parent":0,"menu_order":0,"comment_status":"closed","ping_status":"closed","template":"","meta":{"_acf_changed":false,"footnotes":""},"class_list":["post-440","page","type-page","status-publish","hentry"],"acf":[],"yoast_head":"<!-- This site is optimized with the Yoast SEO plugin v26.2 - https:\/\/yoast.com\/wordpress\/plugins\/seo\/ -->\n<title>Pol\u00edtica de privacidad - Republicanos Deportados<\/title>\n<meta name=\"robots\" content=\"index, follow, max-snippet:-1, max-image-preview:large, max-video-preview:-1\" \/>\n<link rel=\"canonical\" href=\"https:\/\/republicanosdeportados.org\/ca\/politica-de-privacidad\/\" \/>\n<meta property=\"og:locale\" content=\"en_US\" \/>\n<meta property=\"og:type\" content=\"article\" \/>\n<meta property=\"og:title\" content=\"Pol\u00edtica de privacidad - Republicanos Deportados\" \/>\n<meta property=\"og:description\" content=\"RESPONSABLE:\u00a0UNIVERSAL SLEEVE, S.L. FINALIDAD:\u00a0GESTI\u00d3N DE CLIENTES Y CONTACTOS; GESTI\u00d3N DE LOS CLIENTES POTENCIALES Y CONTACTOS DE LA EMPRESA; GESTI\u00d3N DE CONSULTA Y REQUERIMIENTOS WEB; ENV\u00cdO DE COMUNICACIONES COMERCIALES Y PROMOCIONALES; INFORMAR ACERCA DE LOS SERVICIOS QUE PRESTA LA EMPRESA; MANTENIMIENTO DE LISTAS DE SUPRESI\u00d3N ACTUALIZADAS PARA EVITAR SER CONTACTADO SI USTED LO SOLICITA; PERMITIR EL [&hellip;]\" \/>\n<meta property=\"og:url\" content=\"https:\/\/republicanosdeportados.org\/ca\/politica-de-privacidad\/\" \/>\n<meta property=\"og:site_name\" content=\"Republicanos Deportados\" \/>\n<meta name=\"twitter:card\" content=\"summary_large_image\" \/>\n<meta name=\"twitter:label1\" content=\"Est. reading time\" \/>\n\t<meta name=\"twitter:data1\" content=\"4 minutes\" \/>\n<script type=\"application\/ld+json\" class=\"yoast-schema-graph\">{\"@context\":\"https:\/\/schema.org\",\"@graph\":[{\"@type\":\"WebPage\",\"@id\":\"https:\/\/republicanosdeportados.org\/ca\/politica-de-privacidad\/\",\"url\":\"https:\/\/republicanosdeportados.org\/ca\/politica-de-privacidad\/\",\"name\":\"Pol\u00edtica de privacidad - Republicanos Deportados\",\"isPartOf\":{\"@id\":\"https:\/\/republicanosdeportados.org\/#website\"},\"datePublished\":\"2024-11-04T08:48:42+00:00\",\"breadcrumb\":{\"@id\":\"https:\/\/republicanosdeportados.org\/ca\/politica-de-privacidad\/#breadcrumb\"},\"inLanguage\":\"Ca\",\"potentialAction\":[{\"@type\":\"ReadAction\",\"target\":[\"https:\/\/republicanosdeportados.org\/ca\/politica-de-privacidad\/\"]}]},{\"@type\":\"BreadcrumbList\",\"@id\":\"https:\/\/republicanosdeportados.org\/ca\/politica-de-privacidad\/#breadcrumb\",\"itemListElement\":[{\"@type\":\"ListItem\",\"position\":1,\"name\":\"Portada\",\"item\":\"https:\/\/republicanosdeportados.org\/ca\/\"},{\"@type\":\"ListItem\",\"position\":2,\"name\":\"Pol\u00edtica de privacidad\"}]},{\"@type\":\"WebSite\",\"@id\":\"https:\/\/republicanosdeportados.org\/#website\",\"url\":\"https:\/\/republicanosdeportados.org\/\",\"name\":\"Republicanos Deportados\",\"description\":\"Amical Mauthausen\",\"potentialAction\":[{\"@type\":\"SearchAction\",\"target\":{\"@type\":\"EntryPoint\",\"urlTemplate\":\"https:\/\/republicanosdeportados.org\/?s={search_term_string}\"},\"query-input\":{\"@type\":\"PropertyValueSpecification\",\"valueRequired\":true,\"valueName\":\"search_term_string\"}}],\"inLanguage\":\"Ca\"}]}<\/script>\n<!-- \/ Yoast SEO plugin. -->","yoast_head_json":{"title":"Pol\u00edtica de privacidad - Republicanos Deportados","robots":{"index":"index","follow":"follow","max-snippet":"max-snippet:-1","max-image-preview":"max-image-preview:large","max-video-preview":"max-video-preview:-1"},"canonical":"https:\/\/republicanosdeportados.org\/ca\/politica-de-privacidad\/","og_locale":"en_US","og_type":"article","og_title":"Pol\u00edtica de privacidad - Republicanos Deportados","og_description":"RESPONSABLE:\u00a0UNIVERSAL SLEEVE, S.L. FINALIDAD:\u00a0GESTI\u00d3N DE CLIENTES Y CONTACTOS; GESTI\u00d3N DE LOS CLIENTES POTENCIALES Y CONTACTOS DE LA EMPRESA; GESTI\u00d3N DE CONSULTA Y REQUERIMIENTOS WEB; ENV\u00cdO DE COMUNICACIONES COMERCIALES Y PROMOCIONALES; INFORMAR ACERCA DE LOS SERVICIOS QUE PRESTA LA EMPRESA; MANTENIMIENTO DE LISTAS DE SUPRESI\u00d3N ACTUALIZADAS PARA EVITAR SER CONTACTADO SI USTED LO SOLICITA; PERMITIR EL [&hellip;]","og_url":"https:\/\/republicanosdeportados.org\/ca\/politica-de-privacidad\/","og_site_name":"Republicanos Deportados","twitter_card":"summary_large_image","twitter_misc":{"Est. reading time":"4 minutes"},"schema":{"@context":"https:\/\/schema.org","@graph":[{"@type":"WebPage","@id":"https:\/\/republicanosdeportados.org\/ca\/politica-de-privacidad\/","url":"https:\/\/republicanosdeportados.org\/ca\/politica-de-privacidad\/","name":"Pol\u00edtica de privacidad - Republicanos Deportados","isPartOf":{"@id":"https:\/\/republicanosdeportados.org\/#website"},"datePublished":"2024-11-04T08:48:42+00:00","breadcrumb":{"@id":"https:\/\/republicanosdeportados.org\/ca\/politica-de-privacidad\/#breadcrumb"},"inLanguage":"Ca","potentialAction":[{"@type":"ReadAction","target":["https:\/\/republicanosdeportados.org\/ca\/politica-de-privacidad\/"]}]},{"@type":"BreadcrumbList","@id":"https:\/\/republicanosdeportados.org\/ca\/politica-de-privacidad\/#breadcrumb","itemListElement":[{"@type":"ListItem","position":1,"name":"Portada","item":"https:\/\/republicanosdeportados.org\/ca\/"},{"@type":"ListItem","position":2,"name":"Pol\u00edtica de privacidad"}]},{"@type":"WebSite","@id":"https:\/\/republicanosdeportados.org\/#website","url":"https:\/\/republicanosdeportados.org\/","name":"Republicanos Deportados","description":"Amical Mauthausen","potentialAction":[{"@type":"SearchAction","target":{"@type":"EntryPoint","urlTemplate":"https:\/\/republicanosdeportados.org\/?s={search_term_string}"},"query-input":{"@type":"PropertyValueSpecification","valueRequired":true,"valueName":"search_term_string"}}],"inLanguage":"Ca"}]}},"_links":{"self":[{"href":"https:\/\/republicanosdeportados.org\/ca\/wp-json\/wp\/v2\/pages\/440","targetHints":{"allow":["GET"]}}],"collection":[{"href":"https:\/\/republicanosdeportados.org\/ca\/wp-json\/wp\/v2\/pages"}],"about":[{"href":"https:\/\/republicanosdeportados.org\/ca\/wp-json\/wp\/v2\/types\/page"}],"author":[{"embeddable":true,"href":"https:\/\/republicanosdeportados.org\/ca\/wp-json\/wp\/v2\/users\/1"}],"replies":[{"embeddable":true,"href":"https:\/\/republicanosdeportados.org\/ca\/wp-json\/wp\/v2\/comments?post=440"}],"version-history":[{"count":1,"href":"https:\/\/republicanosdeportados.org\/ca\/wp-json\/wp\/v2\/pages\/440\/revisions"}],"predecessor-version":[{"id":441,"href":"https:\/\/republicanosdeportados.org\/ca\/wp-json\/wp\/v2\/pages\/440\/revisions\/441"}],"wp:attachment":[{"href":"https:\/\/republicanosdeportados.org\/ca\/wp-json\/wp\/v2\/media?parent=440"}],"curies":[{"name":"wp","href":"https:\/\/api.w.org\/{rel}","templated":true}]}}